{"id":36972,"date":"2016-11-20T23:21:20","date_gmt":"2016-11-20T21:21:20","guid":{"rendered":"https:\/\/www.power2improve.com\/?post_type=product&#038;p=36972"},"modified":"2016-11-21T01:38:26","modified_gmt":"2016-11-20T23:38:26","slug":"happier-new-year-programma-goud","status":"publish","type":"product","link":"https:\/\/www.power2improve.com\/en\/product\/happier-new-year-programma-goud\/","title":{"rendered":"Happier New Year Programma &#8211; Pakket Goud"},"content":{"rendered":"","protected":false},"excerpt":{"rendered":"<h2 data-fontsize=\"22\" data-lineheight=\"27\">Cre\u00eber jouw gelukkigste jaar ooit!<\/h2>\n<p>Wil jij 2017 fantastisch beginnen, \u00e9n nog beter eindigen? Zowel op je werk als priv\u00e9?\u00a0Met het Happier New Year-programma cre\u00eber je jou jouw gelukkigste jaar ooit!<\/p>\n<h3 data-fontsize=\"18\" data-lineheight=\"23\">Pakket\u00a0Goud<\/h3>\n<p style=\"text-align: left;\">[fusion_checklist icon=\"fa-check\" iconcolor=\"#2d8a2c\" circle=\"no\" circlecolor=\"\" size=\"17px\" hide_on_mobile=\"small-visibility,medium-visibility,large-visibility\" class=\"\" id=\"\"]<\/p>\n<p style=\"text-align: left;\">[fusion_li_item icon=\"\"]Volg de online modules in jouw tempo.[\/fusion_li_item]<br \/>\n[fusion_li_item icon=\"\"]Maak\u00a0je de theorie die je geleerd hebt tijdens een praktische workshop eigen.[\/fusion_li_item]<br \/>\n[fusion_li_item icon=\"\"]Krijg 3 x 1,5 uur begeleiding van jouw personal life coach.[\/fusion_li_item]<br \/>\n[\/fusion_checklist]<\/p>\n<h2 style=\"text-align: left;\">Nu van <span style=\"text-decoration: line-through;\">\u20ac 999<\/span> voor \u20ac 499.*<\/h2>\n<h6 style=\"text-align: left;\">*Speciale prijs geldig tot 15 januari 2017.<\/h6>\n","protected":false},"featured_media":36983,"comment_status":"closed","ping_status":"closed","template":"","meta":[],"product_cat":[476],"product_tag":[468,471],"class_list":["post-36972","product","type-product","status-publish","has-post-thumbnail","hentry","product_cat-geluk","product_tag-coaching","product_tag-gelukkig"],"yoast_head":"<!-- This site is optimized with the Yoast SEO plugin v20.9 - https:\/\/yoast.com\/wordpress\/plugins\/seo\/ -->\n<title>Happier New Year Programma - Pakket Goud - Power2Improve<\/title>\n<meta name=\"robots\" content=\"index, follow, max-snippet:-1, max-image-preview:large, max-video-preview:-1\" \/>\n<link rel=\"canonical\" href=\"https:\/\/www.power2improve.com\/en\/product\/happier-new-year-programma-goud\/\" \/>\n<meta property=\"og:locale\" content=\"en_US\" \/>\n<meta property=\"og:type\" content=\"article\" \/>\n<meta property=\"og:title\" content=\"Happier New Year Programma - Pakket Goud - Power2Improve\" \/>\n<meta property=\"og:description\" content=\"Cre\u00eber jouw gelukkigste jaar ooit! Wil jij 2017 fantastisch beginnen, \u00e9n nog beter eindigen? Zowel op je werk als priv\u00e9?\u00a0Met het Happier New Year-programma cre\u00eber je jou jouw gelukkigste jaar ooit! Pakket\u00a0Goud   Nu van \u20ac 999 voor \u20ac 499.* *Speciale prijs geldig tot 15 januari 2017.\" \/>\n<meta property=\"og:url\" content=\"https:\/\/www.power2improve.com\/en\/product\/happier-new-year-programma-goud\/\" \/>\n<meta property=\"og:site_name\" content=\"Power2Improve\" \/>\n<meta property=\"article:publisher\" content=\"https:\/\/www.facebook.com\/Power2Improve\" \/>\n<meta property=\"article:modified_time\" content=\"2016-11-20T23:38:26+00:00\" \/>\n<meta property=\"og:image\" content=\"https:\/\/www.power2improve.com\/wp-content\/uploads\/2016\/11\/Happier-New-Year-Goud-.png\" \/>\n\t<meta property=\"og:image:width\" content=\"800\" \/>\n\t<meta property=\"og:image:height\" content=\"800\" \/>\n\t<meta property=\"og:image:type\" content=\"image\/png\" \/>\n<meta name=\"twitter:card\" content=\"summary_large_image\" \/>\n<meta name=\"twitter:site\" content=\"@Power2Improve\" \/>\n<script type=\"application\/ld+json\" class=\"yoast-schema-graph\">{\"@context\":\"https:\/\/schema.org\",\"@graph\":[{\"@type\":\"WebPage\",\"@id\":\"https:\/\/www.power2improve.com\/en\/product\/happier-new-year-programma-goud\/\",\"url\":\"https:\/\/www.power2improve.com\/en\/product\/happier-new-year-programma-goud\/\",\"name\":\"Happier New Year Programma - Pakket Goud - Power2Improve\",\"isPartOf\":{\"@id\":\"https:\/\/www.power2improve.com\/en\/#website\"},\"datePublished\":\"2016-11-20T21:21:20+00:00\",\"dateModified\":\"2016-11-20T23:38:26+00:00\",\"breadcrumb\":{\"@id\":\"https:\/\/www.power2improve.com\/en\/product\/happier-new-year-programma-goud\/#breadcrumb\"},\"inLanguage\":\"en-US\",\"potentialAction\":[{\"@type\":\"ReadAction\",\"target\":[\"https:\/\/www.power2improve.com\/en\/product\/happier-new-year-programma-goud\/\"]}]},{\"@type\":\"BreadcrumbList\",\"@id\":\"https:\/\/www.power2improve.com\/en\/product\/happier-new-year-programma-goud\/#breadcrumb\",\"itemListElement\":[{\"@type\":\"ListItem\",\"position\":1,\"name\":\"Home\",\"item\":\"https:\/\/www.power2improve.com\/en\/\"},{\"@type\":\"ListItem\",\"position\":2,\"name\":\"Shop\",\"item\":\"https:\/\/www.power2improve.com\/en\/shop-2\/\"},{\"@type\":\"ListItem\",\"position\":3,\"name\":\"Happier New Year Programma &#8211; Pakket Goud\"}]},{\"@type\":\"WebSite\",\"@id\":\"https:\/\/www.power2improve.com\/en\/#website\",\"url\":\"https:\/\/www.power2improve.com\/en\/\",\"name\":\"Power2Improve\",\"description\":\"Your power to improve yourself\",\"publisher\":{\"@id\":\"https:\/\/www.power2improve.com\/en\/#organization\"},\"potentialAction\":[{\"@type\":\"SearchAction\",\"target\":{\"@type\":\"EntryPoint\",\"urlTemplate\":\"https:\/\/www.power2improve.com\/en\/?s={search_term_string}\"},\"query-input\":\"required name=search_term_string\"}],\"inLanguage\":\"en-US\"},{\"@type\":\"Organization\",\"@id\":\"https:\/\/www.power2improve.com\/en\/#organization\",\"name\":\"Power2Improve\",\"url\":\"https:\/\/www.power2improve.com\/en\/\",\"logo\":{\"@type\":\"ImageObject\",\"inLanguage\":\"en-US\",\"@id\":\"https:\/\/www.power2improve.com\/en\/#\/schema\/logo\/image\/\",\"url\":\"https:\/\/www.power2improve.com\/wp-content\/uploads\/2017\/07\/P2I-witte-achtergrond.png\",\"contentUrl\":\"https:\/\/www.power2improve.com\/wp-content\/uploads\/2017\/07\/P2I-witte-achtergrond.png\",\"width\":270,\"height\":254,\"caption\":\"Power2Improve\"},\"image\":{\"@id\":\"https:\/\/www.power2improve.com\/en\/#\/schema\/logo\/image\/\"},\"sameAs\":[\"https:\/\/www.facebook.com\/Power2Improve\",\"https:\/\/twitter.com\/Power2Improve\",\"https:\/\/www.linkedin.com\/company\/200395?trk=tyah&amp;amp;amp;amp;amp;trkInfo=tarId:1399661820397,tas:power2improve,idx:1-1-1\",\"https:\/\/www.pinterest.com\/Power2Improve\",\"https:\/\/www.youtube.com\/user\/Power2Improve\"]}]}<\/script>\n<!-- \/ Yoast SEO plugin. -->","yoast_head_json":{"title":"Happier New Year Programma - Pakket Goud - Power2Improve","robots":{"index":"index","follow":"follow","max-snippet":"max-snippet:-1","max-image-preview":"max-image-preview:large","max-video-preview":"max-video-preview:-1"},"canonical":"https:\/\/www.power2improve.com\/en\/product\/happier-new-year-programma-goud\/","og_locale":"en_US","og_type":"article","og_title":"Happier New Year Programma - Pakket Goud - Power2Improve","og_description":"Cre\u00eber jouw gelukkigste jaar ooit! Wil jij 2017 fantastisch beginnen, \u00e9n nog beter eindigen? Zowel op je werk als priv\u00e9?\u00a0Met het Happier New Year-programma cre\u00eber je jou jouw gelukkigste jaar ooit! Pakket\u00a0Goud   Nu van \u20ac 999 voor \u20ac 499.* *Speciale prijs geldig tot 15 januari 2017.","og_url":"https:\/\/www.power2improve.com\/en\/product\/happier-new-year-programma-goud\/","og_site_name":"Power2Improve","article_publisher":"https:\/\/www.facebook.com\/Power2Improve","article_modified_time":"2016-11-20T23:38:26+00:00","og_image":[{"width":800,"height":800,"url":"https:\/\/www.power2improve.com\/wp-content\/uploads\/2016\/11\/Happier-New-Year-Goud-.png","type":"image\/png"}],"twitter_card":"summary_large_image","twitter_site":"@Power2Improve","schema":{"@context":"https:\/\/schema.org","@graph":[{"@type":"WebPage","@id":"https:\/\/www.power2improve.com\/en\/product\/happier-new-year-programma-goud\/","url":"https:\/\/www.power2improve.com\/en\/product\/happier-new-year-programma-goud\/","name":"Happier New Year Programma - Pakket Goud - Power2Improve","isPartOf":{"@id":"https:\/\/www.power2improve.com\/en\/#website"},"datePublished":"2016-11-20T21:21:20+00:00","dateModified":"2016-11-20T23:38:26+00:00","breadcrumb":{"@id":"https:\/\/www.power2improve.com\/en\/product\/happier-new-year-programma-goud\/#breadcrumb"},"inLanguage":"en-US","potentialAction":[{"@type":"ReadAction","target":["https:\/\/www.power2improve.com\/en\/product\/happier-new-year-programma-goud\/"]}]},{"@type":"BreadcrumbList","@id":"https:\/\/www.power2improve.com\/en\/product\/happier-new-year-programma-goud\/#breadcrumb","itemListElement":[{"@type":"ListItem","position":1,"name":"Home","item":"https:\/\/www.power2improve.com\/en\/"},{"@type":"ListItem","position":2,"name":"Shop","item":"https:\/\/www.power2improve.com\/en\/shop-2\/"},{"@type":"ListItem","position":3,"name":"Happier New Year Programma &#8211; Pakket Goud"}]},{"@type":"WebSite","@id":"https:\/\/www.power2improve.com\/en\/#website","url":"https:\/\/www.power2improve.com\/en\/","name":"Power2Improve","description":"Your power to improve yourself","publisher":{"@id":"https:\/\/www.power2improve.com\/en\/#organization"},"potentialAction":[{"@type":"SearchAction","target":{"@type":"EntryPoint","urlTemplate":"https:\/\/www.power2improve.com\/en\/?s={search_term_string}"},"query-input":"required name=search_term_string"}],"inLanguage":"en-US"},{"@type":"Organization","@id":"https:\/\/www.power2improve.com\/en\/#organization","name":"Power2Improve","url":"https:\/\/www.power2improve.com\/en\/","logo":{"@type":"ImageObject","inLanguage":"en-US","@id":"https:\/\/www.power2improve.com\/en\/#\/schema\/logo\/image\/","url":"https:\/\/www.power2improve.com\/wp-content\/uploads\/2017\/07\/P2I-witte-achtergrond.png","contentUrl":"https:\/\/www.power2improve.com\/wp-content\/uploads\/2017\/07\/P2I-witte-achtergrond.png","width":270,"height":254,"caption":"Power2Improve"},"image":{"@id":"https:\/\/www.power2improve.com\/en\/#\/schema\/logo\/image\/"},"sameAs":["https:\/\/www.facebook.com\/Power2Improve","https:\/\/twitter.com\/Power2Improve","https:\/\/www.linkedin.com\/company\/200395?trk=tyah&amp;amp;amp;amp;amp;trkInfo=tarId:1399661820397,tas:power2improve,idx:1-1-1","https:\/\/www.pinterest.com\/Power2Improve","https:\/\/www.youtube.com\/user\/Power2Improve"]}]}},"_links":{"self":[{"href":"https:\/\/www.power2improve.com\/en\/wp-json\/wp\/v2\/product\/36972","targetHints":{"allow":["GET"]}}],"collection":[{"href":"https:\/\/www.power2improve.com\/en\/wp-json\/wp\/v2\/product"}],"about":[{"href":"https:\/\/www.power2improve.com\/en\/wp-json\/wp\/v2\/types\/product"}],"replies":[{"embeddable":true,"href":"https:\/\/www.power2improve.com\/en\/wp-json\/wp\/v2\/comments?post=36972"}],"wp:featuredmedia":[{"embeddable":true,"href":"https:\/\/www.power2improve.com\/en\/wp-json\/wp\/v2\/media\/36983"}],"wp:attachment":[{"href":"https:\/\/www.power2improve.com\/en\/wp-json\/wp\/v2\/media?parent=36972"}],"wp:term":[{"taxonomy":"product_cat","embeddable":true,"href":"https:\/\/www.power2improve.com\/en\/wp-json\/wp\/v2\/product_cat?post=36972"},{"taxonomy":"product_tag","embeddable":true,"href":"https:\/\/www.power2improve.com\/en\/wp-json\/wp\/v2\/product_tag?post=36972"}],"curies":[{"name":"wp","href":"https:\/\/api.w.org\/{rel}","templated":true}]}}